{"id":689,"date":"2025-07-09T10:37:32","date_gmt":"2025-07-09T10:37:32","guid":{"rendered":"https:\/\/scitoevents.com\/?page_id=689"},"modified":"2025-07-09T11:17:32","modified_gmt":"2025-07-09T11:17:32","slug":"formulario","status":"publish","type":"page","link":"https:\/\/scitoevents.com\/ca\/formulario\/","title":{"rendered":"formulario"},"content":{"rendered":"<script>\ndocument.addEventListener('DOMContentLoaded', function () {\n  const checkboxes = document.querySelectorAll('input[name=\"field17fe77-ba[]\"]');\n\n  checkboxes.forEach(cb => {\n    cb.addEventListener('change', () => {\n      const selected = Array.from(checkboxes).filter(c => c.checked);\n      const limit = 3;\n\n      if (selected.length >= limit) {\n        checkboxes.forEach(c => {\n          if (!c.checked) c.disabled = true;\n        });\n      } else {\n        checkboxes.forEach(c => c.disabled = false);\n      }\n    });\n  });\n});\n\n<\/script>\n\n\n\n\n<script>\ndocument.addEventListener('DOMContentLoaded', function () {\n  const select = document.getElementById('field690551e1b-92');\n  const hiddenField = document.querySelector('.kadence-column689_869384-2e.celdaoculta');\n\n  select.addEventListener('change', function () {\n    if (select.value === 'Otro (especificar)') {\n      hiddenField.style.display = 'block';\n    } else {\n      hiddenField.style.display = 'none';\n    }\n  });\n\n  \/\/ Optional: hide it by default on page load if not selected\n  if (select.value !== 'Otro (especificar)') {\n    hiddenField.style.display = 'none';\n  }\n});\n<\/script>\n\n\n\n<style>.wp-block-kadence-advanced-form690-cpt-id, .wp-block-kadence-advanced-form690-cpt-id.kb-form-has-background{padding-top:var(--global-kb-spacing-lg, 3rem);margin-top:var(--global-kb-spacing-auto, auto);margin-right:var(--global-kb-spacing-auto, auto);margin-bottom:var(--global-kb-spacing-auto, auto);margin-left:var(--global-kb-spacing-auto, auto);}.wp-block-kadence-advanced-form690-cpt-id{max-width:724px;}<\/style><div class=\"wp-block-kadence-advanced-form wp-block-kadence-advanced-form690-cpt-id kb-adv-form-label-style-infield kb-adv-form-input-size-standard kb-form-basic-style wp-block-kadence-advanced-form\"><form id=\"kb-adv-form-690-cpt-id\" class=\"kb-advanced-form\" method=\"post\" action=\"\">\n<style>.kb-row-layout-id689_9db17a-1c > .kt-row-column-wrap{align-content:start;}:where(.kb-row-layout-id689_9db17a-1c > .kt-row-column-wrap) > .wp-block-kadence-column{justify-content:start;}.kb-row-layout-id689_9db17a-1c > .kt-row-column-wrap{column-gap:var(--global-kb-gap-md, 2rem);row-gap:var(--global-kb-gap-md, 2rem);padding-top:0px;padding-right:0px;padding-bottom:0px;padding-left:0px;grid-template-columns:minmax(0, 1fr);}.kb-row-layout-id689_9db17a-1c > .kt-row-layout-overlay{opacity:0.30;}@media all and (max-width: 1024px){.kb-row-layout-id689_9db17a-1c > .kt-row-column-wrap{grid-template-columns:minmax(0, 1fr);}}@media all and (max-width: 767px){.kb-row-layout-id689_9db17a-1c > .kt-row-column-wrap{grid-template-columns:minmax(0, 1fr);}}<\/style><div class=\"kb-row-layout-wrap kb-row-layout-id689_9db17a-1c alignnone wp-block-kadence-rowlayout\"><div class=\"kt-row-column-wrap kt-has-1-columns kt-row-layout-equal kt-tab-layout-inherit kt-mobile-layout-row kt-row-valign-top\">\n<style>.kadence-column689_a95953-7f > .kt-inside-inner-col,.kadence-column689_a95953-7f > .kt-inside-inner-col:before{border-top-left-radius:0px;border-top-right-radius:0px;border-bottom-right-radius:0px;border-bottom-left-radius:0px;}.kadence-column689_a95953-7f > .kt-inside-inner-col{column-gap:var(--global-kb-gap-sm, 1rem);}.kadence-column689_a95953-7f > .kt-inside-inner-col{flex-direction:column;}.kadence-column689_a95953-7f > .kt-inside-inner-col > .aligncenter{width:100%;}.kadence-column689_a95953-7f > .kt-inside-inner-col:before{opacity:0.3;}.kadence-column689_a95953-7f{position:relative;}@media all and (max-width: 1024px){.kadence-column689_a95953-7f > .kt-inside-inner-col{flex-direction:column;}}@media all and (max-width: 767px){.kadence-column689_a95953-7f > .kt-inside-inner-col{flex-direction:column;}}<\/style>\n<div class=\"wp-block-kadence-column kadence-column689_a95953-7f\"><div class=\"kt-inside-inner-col\"><div class=\"kb-adv-form-field kb-adv-form-text-type-input kb-adv-form-infield-type-input kb-field6903ca42d-c7 wp-block-kadence-advanced-form-text\"><label class=\"kb-adv-form-label\" for=\"field6903ca42d-c7\">Nombre de la entidad\/empresa<span class=\"kb-adv-form-required\">*<\/span><\/label><input name=\"field3ca42d-c7\" id=\"field6903ca42d-c7\" data-label=\"Nombre de la entidad\/empresa\" type=\"text\" placeholder=\"\" value=\"\" data-type=\"text\" class=\"kb-field kb-text-field\" data-required=\"yes\" required aria-required=\"true\"\/><\/div><\/div><\/div>\n\n<\/div><\/div>\n\n<style>.kb-row-layout-id689_236736-8e > .kt-row-column-wrap{align-content:start;}:where(.kb-row-layout-id689_236736-8e > .kt-row-column-wrap) > .wp-block-kadence-column{justify-content:start;}.kb-row-layout-id689_236736-8e > .kt-row-column-wrap{column-gap:var(--global-kb-gap-md, 2rem);row-gap:var(--global-kb-gap-md, 2rem);padding-top:0px;padding-right:0px;padding-bottom:0px;padding-left:0px;grid-template-columns:minmax(0, 1fr);}.kb-row-layout-id689_236736-8e > .kt-row-layout-overlay{opacity:0.30;}@media all and (max-width: 1024px){.kb-row-layout-id689_236736-8e > .kt-row-column-wrap{grid-template-columns:minmax(0, 1fr);}}@media all and (max-width: 767px){.kb-row-layout-id689_236736-8e > .kt-row-column-wrap{grid-template-columns:minmax(0, 1fr);}}<\/style><div class=\"kb-row-layout-wrap kb-row-layout-id689_236736-8e alignnone wp-block-kadence-rowlayout\"><div class=\"kt-row-column-wrap kt-has-1-columns kt-row-layout-equal kt-tab-layout-inherit kt-mobile-layout-row kt-row-valign-top\">\n<style>.kadence-column689_299111-38 > .kt-inside-inner-col,.kadence-column689_299111-38 > .kt-inside-inner-col:before{border-top-left-radius:0px;border-top-right-radius:0px;border-bottom-right-radius:0px;border-bottom-left-radius:0px;}.kadence-column689_299111-38 > .kt-inside-inner-col{column-gap:var(--global-kb-gap-sm, 1rem);}.kadence-column689_299111-38 > .kt-inside-inner-col{flex-direction:column;}.kadence-column689_299111-38 > .kt-inside-inner-col > .aligncenter{width:100%;}.kadence-column689_299111-38 > .kt-inside-inner-col:before{opacity:0.3;}.kadence-column689_299111-38{position:relative;}@media all and (max-width: 1024px){.kadence-column689_299111-38 > .kt-inside-inner-col{flex-direction:column;}}@media all and (max-width: 767px){.kadence-column689_299111-38 > .kt-inside-inner-col{flex-direction:column;}}<\/style>\n<div class=\"wp-block-kadence-column kadence-column689_299111-38\"><div class=\"kt-inside-inner-col\"><div class=\"kb-adv-form-field kb-adv-form-infield-type-input kb-field690551e1b-92 wp-block-kadence-advanced-form-select\"><label class=\"kb-adv-form-label\" for=\"field690551e1b-92\">Categor\u00eda<span class=\"kb-adv-form-required\">*<\/span><\/label><select  name=\"field551e1b-92\" id=\"field690551e1b-92\" required aria-required=\"true\"><option value=\"Empresa Tecnol\u00f3gica\">Empresa Tecnol\u00f3gica<\/option><option value=\"Spin-off\">Spin-off<\/option><option value=\"Startup\">Startup<\/option><option value=\"Editorial\">Editorial<\/option><option value=\"Otro (especificar)\">Otro (especificar)<\/option><\/select><\/div><\/div><\/div>\n\n<\/div><\/div>\n\n<style>.kadence-column689_869384-2e > .kt-inside-inner-col,.kadence-column689_869384-2e > .kt-inside-inner-col:before{border-top-left-radius:0px;border-top-right-radius:0px;border-bottom-right-radius:0px;border-bottom-left-radius:0px;}.kadence-column689_869384-2e > .kt-inside-inner-col{column-gap:var(--global-kb-gap-sm, 1rem);}.kadence-column689_869384-2e > .kt-inside-inner-col{flex-direction:column;}.kadence-column689_869384-2e > .kt-inside-inner-col > .aligncenter{width:100%;}.kadence-column689_869384-2e > .kt-inside-inner-col:before{opacity:0.3;}.kadence-column689_869384-2e{position:relative;}@media all and (max-width: 1024px){.kadence-column689_869384-2e > .kt-inside-inner-col{flex-direction:column;}}@media all and (max-width: 767px){.kadence-column689_869384-2e > .kt-inside-inner-col{flex-direction:column;}}.kadence-column689_869384-2e {celdaoculta}<\/style>\n<div class=\"wp-block-kadence-column kadence-column689_869384-2e celdaoculta\"><div class=\"kt-inside-inner-col\"><div class=\"kb-adv-form-field kb-adv-form-text-type-input kb-adv-form-infield-type-input kb-field690a4937b-ea wp-block-kadence-advanced-form-text\"><label class=\"kb-adv-form-label\" for=\"field690a4937b-ea\">Otra categor\u00eda<\/label><input name=\"fielda4937b-ea\" id=\"field690a4937b-ea\" data-label=\"Otra categor\u00eda\" type=\"text\" placeholder=\"\" value=\"\" data-type=\"text\" class=\"kb-field kb-text-field\" data-required=\"no\" \/><\/div><\/div><\/div>\n\n\n<div class=\"kb-adv-form-field kb-field69017fe77-ba wp-block-kadence-advanced-form-checkbox\"><fieldset class=\"kb-radio-check-item-wrap\" id=\"cb69017fe77-ba\" data-type=\"checkbox\" data-required=\"no\" ><legend class=\"kb-adv-form-label\">\u00bfEst\u00e1s interesado en alguna \u00e1rea tem\u00e1tica? (Selecciona tres categor\u00edas como m\u00e1ximo)<\/legend><div class=\"kb-radio-check-item\"><input class=\"kb-checkbox-style\" type=\"checkbox\"  id=\"field69017fe77-ba_0\" name=\"field17fe77-ba[]\" value=\"Posibilidades de Innovaci\u00f3n y Emprendimiento en Psicolog\u00eda, mediante an\u00e1lisis de datos\"><label for=\"field69017fe77-ba_0\">Posibilidades de Innovaci\u00f3n y Emprendimiento en Psicolog\u00eda, mediante an\u00e1lisis de datos<\/label><\/div><div class=\"kb-radio-check-item\"><input class=\"kb-checkbox-style\" type=\"checkbox\"  id=\"field69017fe77-ba_1\" name=\"field17fe77-ba[]\" value=\"Psicolog\u00eda Cl\u00ednica y de la Salud\"><label for=\"field69017fe77-ba_1\">Psicolog\u00eda Cl\u00ednica y de la Salud<\/label><\/div><div class=\"kb-radio-check-item\"><input class=\"kb-checkbox-style\" type=\"checkbox\"  id=\"field69017fe77-ba_2\" name=\"field17fe77-ba[]\" value=\"Psicolog\u00eda de la Educaci\u00f3n\"><label for=\"field69017fe77-ba_2\">Psicolog\u00eda de la Educaci\u00f3n<\/label><\/div><div class=\"kb-radio-check-item\"><input class=\"kb-checkbox-style\" type=\"checkbox\"  id=\"field69017fe77-ba_3\" name=\"field17fe77-ba[]\" value=\"Psicolog\u00eda Social\"><label for=\"field69017fe77-ba_3\">Psicolog\u00eda Social<\/label><\/div><div class=\"kb-radio-check-item\"><input class=\"kb-checkbox-style\" type=\"checkbox\"  id=\"field69017fe77-ba_4\" name=\"field17fe77-ba[]\" value=\"Psicolog\u00eda del Trabajo y de las Organizaciones\"><label for=\"field69017fe77-ba_4\">Psicolog\u00eda del Trabajo y de las Organizaciones<\/label><\/div><div class=\"kb-radio-check-item\"><input class=\"kb-checkbox-style\" type=\"checkbox\"  id=\"field69017fe77-ba_5\" name=\"field17fe77-ba[]\" value=\"Psicolog\u00eda del Tr\u00e1fico y Seguridad Vial\"><label for=\"field69017fe77-ba_5\">Psicolog\u00eda del Tr\u00e1fico y Seguridad Vial<\/label><\/div><div class=\"kb-radio-check-item\"><input class=\"kb-checkbox-style\" type=\"checkbox\"  id=\"field69017fe77-ba_6\" name=\"field17fe77-ba[]\" value=\"Psicolog\u00eda Jur\u00eddica\"><label for=\"field69017fe77-ba_6\">Psicolog\u00eda Jur\u00eddica<\/label><\/div><div class=\"kb-radio-check-item\"><input class=\"kb-checkbox-style\" type=\"checkbox\"  id=\"field69017fe77-ba_7\" name=\"field17fe77-ba[]\" value=\"Psicolog\u00eda del Envejecimiento\"><label for=\"field69017fe77-ba_7\">Psicolog\u00eda del Envejecimiento<\/label><\/div><div class=\"kb-radio-check-item\"><input class=\"kb-checkbox-style\" type=\"checkbox\"  id=\"field69017fe77-ba_8\" name=\"field17fe77-ba[]\" value=\"Psicolog\u00eda Deportiva\"><label for=\"field69017fe77-ba_8\">Psicolog\u00eda Deportiva<\/label><\/div><div class=\"kb-radio-check-item\"><input class=\"kb-checkbox-style\" type=\"checkbox\"  id=\"field69017fe77-ba_9\" name=\"field17fe77-ba[]\" value=\"Psicolog\u00eda de las Emergencias y de la Cooperaci\u00f3n\"><label for=\"field69017fe77-ba_9\">Psicolog\u00eda de las Emergencias y de la Cooperaci\u00f3n<\/label><\/div><div class=\"kb-radio-check-item\"><input class=\"kb-checkbox-style\" type=\"checkbox\"  id=\"field69017fe77-ba_10\" name=\"field17fe77-ba[]\" value=\"Psicolog\u00eda de la Sexualidad y de la Igualdad\"><label for=\"field69017fe77-ba_10\">Psicolog\u00eda de la Sexualidad y de la Igualdad<\/label><\/div><div class=\"kb-radio-check-item\"><input class=\"kb-checkbox-style\" type=\"checkbox\"  id=\"field69017fe77-ba_11\" name=\"field17fe77-ba[]\" value=\"Neuropsicolog\u00eda\"><label for=\"field69017fe77-ba_11\">Neuropsicolog\u00eda<\/label><\/div><div class=\"kb-radio-check-item\"><input class=\"kb-checkbox-style\" type=\"checkbox\"  id=\"field69017fe77-ba_12\" name=\"field17fe77-ba[]\" value=\"Psicolog\u00eda de la Mediaci\u00f3n\"><label for=\"field69017fe77-ba_12\">Psicolog\u00eda de la Mediaci\u00f3n<\/label><\/div><div class=\"kb-radio-check-item\"><input class=\"kb-checkbox-style\" type=\"checkbox\"  id=\"field69017fe77-ba_13\" name=\"field17fe77-ba[]\" value=\"Cuidados paliativos y Psicooncolog\u00eda\"><label for=\"field69017fe77-ba_13\">Cuidados paliativos y Psicooncolog\u00eda<\/label><\/div><div class=\"kb-radio-check-item\"><input class=\"kb-checkbox-style\" type=\"checkbox\"  id=\"field69017fe77-ba_14\" name=\"field17fe77-ba[]\" value=\"Intervenci\u00f3n en redes sociales, an\u00e1lisis de datos e IA\"><label for=\"field69017fe77-ba_14\">Intervenci\u00f3n en redes sociales, an\u00e1lisis de datos e IA<\/label><\/div><div class=\"kb-radio-check-item\"><input class=\"kb-checkbox-style\" type=\"checkbox\"  id=\"field69017fe77-ba_15\" name=\"field17fe77-ba[]\" value=\"Todas\"><label for=\"field69017fe77-ba_15\">Todas<\/label><\/div><\/fieldset><\/div>\n\n<style>.kb-row-layout-id689_29afc2-f4 > .kt-row-column-wrap{align-content:start;}:where(.kb-row-layout-id689_29afc2-f4 > .kt-row-column-wrap) > .wp-block-kadence-column{justify-content:start;}.kb-row-layout-id689_29afc2-f4 > .kt-row-column-wrap{column-gap:var(--global-kb-gap-md, 2rem);row-gap:var(--global-kb-gap-md, 2rem);padding-top:var(--global-kb-spacing-sm, 1.5rem);padding-bottom:var(--global-kb-spacing-sm, 1.5rem);grid-template-columns:minmax(0, 1fr);}.kb-row-layout-id689_29afc2-f4 > .kt-row-layout-overlay{opacity:0.30;}@media all and (max-width: 1024px){.kb-row-layout-id689_29afc2-f4 > .kt-row-column-wrap{grid-template-columns:minmax(0, 1fr);}}@media all and (max-width: 767px){.kb-row-layout-id689_29afc2-f4 > .kt-row-column-wrap{grid-template-columns:minmax(0, 1fr);}}<\/style><div class=\"kb-row-layout-wrap kb-row-layout-id689_29afc2-f4 alignnone wp-block-kadence-rowlayout\"><div class=\"kt-row-column-wrap kt-has-1-columns kt-row-layout-equal kt-tab-layout-inherit kt-mobile-layout-row kt-row-valign-top\">\n<style>.kadence-column689_98a8b3-fd > .kt-inside-inner-col,.kadence-column689_98a8b3-fd > .kt-inside-inner-col:before{border-top-left-radius:0px;border-top-right-radius:0px;border-bottom-right-radius:0px;border-bottom-left-radius:0px;}.kadence-column689_98a8b3-fd > .kt-inside-inner-col{column-gap:var(--global-kb-gap-sm, 1rem);}.kadence-column689_98a8b3-fd > .kt-inside-inner-col{flex-direction:column;}.kadence-column689_98a8b3-fd > .kt-inside-inner-col > .aligncenter{width:100%;}.kadence-column689_98a8b3-fd > .kt-inside-inner-col:before{opacity:0.3;}.kadence-column689_98a8b3-fd{position:relative;}@media all and (max-width: 1024px){.kadence-column689_98a8b3-fd > .kt-inside-inner-col{flex-direction:column;}}@media all and (max-width: 767px){.kadence-column689_98a8b3-fd > .kt-inside-inner-col{flex-direction:column;}}<\/style>\n<div class=\"wp-block-kadence-column kadence-column689_98a8b3-fd\"><div class=\"kt-inside-inner-col\"><style>.kadence-column689_c830ee-84 > .kt-inside-inner-col,.kadence-column689_c830ee-84 > .kt-inside-inner-col:before{border-top-left-radius:0px;border-top-right-radius:0px;border-bottom-right-radius:0px;border-bottom-left-radius:0px;}.kadence-column689_c830ee-84 > .kt-inside-inner-col{column-gap:var(--global-kb-gap-sm, 1rem);}.kadence-column689_c830ee-84 > .kt-inside-inner-col{flex-direction:column;}.kadence-column689_c830ee-84 > .kt-inside-inner-col > .aligncenter{width:100%;}.kadence-column689_c830ee-84 > .kt-inside-inner-col:before{opacity:0.3;}.kadence-column689_c830ee-84{position:relative;}@media all and (max-width: 1024px){.kadence-column689_c830ee-84 > .kt-inside-inner-col{flex-direction:column;}}@media all and (max-width: 767px){.kadence-column689_c830ee-84 > .kt-inside-inner-col{flex-direction:column;}}<\/style>\n<div class=\"wp-block-kadence-column kadence-column689_c830ee-84\"><div class=\"kt-inside-inner-col\"><div class=\"kb-adv-form-field kb-adv-form-text-type-input kb-adv-form-infield-type-input kb-field690fe6404-93 wp-block-kadence-advanced-form-email\"><label class=\"kb-adv-form-label\" for=\"field690fe6404-93\">Email de contacto<span class=\"kb-adv-form-required\">*<\/span><\/label><input name=\"fieldfe6404-93\" id=\"field690fe6404-93\" data-label=\"Email de contacto\" type=\"email\" placeholder=\"\" value=\"\" data-type=\"email\" class=\"kb-field kb-email-field\" data-required=\"yes\" required aria-required=\"true\"\/><\/div><\/div><\/div>\n<\/div><\/div>\n\n<\/div><\/div>\n\n<div class=\"kb-adv-form-field kb-adv-form-text-type-input kb-adv-form-infield-type-input kb-field6902d56e8-53 wp-block-kadence-advanced-form-textarea\"><label class=\"kb-adv-form-label\" for=\"field6902d56e8-53\">Deja una nota (opcional)<\/label><textarea name=\"field2d56e8-53\" id=\"field6902d56e8-53\" rows=\"3\"  data-label=\"Deja una nota (opcional)\" placeholder=\"\" data-type=\"textarea\" class=\"kb-field kb-textarea-field\" data-required=\"no\" ><\/textarea><\/div>\n\n<style>ul.menu .kb-submit-field .kb-btnf667f3-d5.kb-button{width:initial;}.kb-submit-field.kb-fieldf667f3-d5{justify-content:flex-start;}<\/style><div class=\"kb-adv-form-field kb-submit-field kb-fieldf667f3-d5 wp-block-kadence-advanced-form-submit\"><button class=\"kb-button kt-button button kb-adv-form-submit-button kb-btnf667f3-d5 kt-btn-size-standard kt-btn-width-type-auto kb-btn-global-fill kt-btn-has-text-true kt-btn-has-svg-false\" type=\"submit\"><span class=\"kt-btn-inner-text\">Enviar<\/span><\/button><\/div>\n<input type=\"hidden\" name=\"_kb_adv_form_post_id\" value=\"690\"><input type=\"hidden\" name=\"action\" value=\"kb_process_advanced_form_submit\"><input type=\"hidden\" name=\"_kb_adv_form_id\" value=\"690-cpt-id\"><input type=\"hidden\" name=\"trp-form-language\" value=\"ca\"\/><\/form><\/div>","protected":false},"excerpt":{"rendered":"","protected":false},"author":1,"featured_media":0,"parent":0,"menu_order":0,"comment_status":"closed","ping_status":"closed","template":"","meta":{"_kad_blocks_custom_css":"","_kad_blocks_head_custom_js":"","_kad_blocks_body_custom_js":"","_kad_blocks_footer_custom_js":"","_kadence_starter_templates_imported_post":false,"_kad_post_transparent":"","_kad_post_title":"","_kad_post_layout":"","_kad_post_sidebar_id":"","_kad_post_content_style":"","_kad_post_vertical_padding":"","_kad_post_feature":"","_kad_post_feature_position":"","_kad_post_header":true,"_kad_post_footer":true,"footnotes":""},"class_list":["post-689","page","type-page","status-publish","hentry"],"taxonomy_info":[],"featured_image_src_large":false,"author_info":{"display_name":"admin","author_link":"https:\/\/scitoevents.com\/ca\/author\/office_zfvnwsff\/"},"comment_info":0,"_links":{"self":[{"href":"https:\/\/scitoevents.com\/ca\/wp-json\/wp\/v2\/pages\/689","targetHints":{"allow":["GET"]}}],"collection":[{"href":"https:\/\/scitoevents.com\/ca\/wp-json\/wp\/v2\/pages"}],"about":[{"href":"https:\/\/scitoevents.com\/ca\/wp-json\/wp\/v2\/types\/page"}],"author":[{"embeddable":true,"href":"https:\/\/scitoevents.com\/ca\/wp-json\/wp\/v2\/users\/1"}],"replies":[{"embeddable":true,"href":"https:\/\/scitoevents.com\/ca\/wp-json\/wp\/v2\/comments?post=689"}],"version-history":[{"count":9,"href":"https:\/\/scitoevents.com\/ca\/wp-json\/wp\/v2\/pages\/689\/revisions"}],"predecessor-version":[{"id":714,"href":"https:\/\/scitoevents.com\/ca\/wp-json\/wp\/v2\/pages\/689\/revisions\/714"}],"wp:attachment":[{"href":"https:\/\/scitoevents.com\/ca\/wp-json\/wp\/v2\/media?parent=689"}],"curies":[{"name":"wp","href":"https:\/\/api.w.org\/{rel}","templated":true}]}}